{"id":145,"date":"2025-06-05T20:01:06","date_gmt":"2025-06-05T20:01:06","guid":{"rendered":"https:\/\/montemaria.org\/granitodearena\/?page_id=145"},"modified":"2025-06-05T22:17:04","modified_gmt":"2025-06-05T22:17:04","slug":"tarjetas","status":"publish","type":"page","link":"https:\/\/montemaria.org\/granitodearena\/tarjetas\/","title":{"rendered":"tarjetas"},"content":{"rendered":"\t\t<div data-elementor-type=\"wp-page\" data-elementor-id=\"145\" class=\"elementor elementor-145\">\n\t\t\t\t<div class=\"elementor-element elementor-element-a1601f3 e-flex e-con-boxed e-con e-parent\" data-id=\"a1601f3\" data-element_type=\"container\" data-e-type=\"container\">\n\t\t\t\t\t<div class=\"e-con-inner\">\n\t\t\t\t\t<\/div>\n\t\t\t\t<\/div>\n\t\t<div class=\"elementor-element elementor-element-6240ffe e-con-full e-flex e-con e-parent\" data-id=\"6240ffe\" data-element_type=\"container\" data-e-type=\"container\">\n\t\t\t\t<div class=\"elementor-element elementor-element-3fe9b98 elementor-widget elementor-widget-heading\" data-id=\"3fe9b98\" data-element_type=\"widget\" data-e-type=\"widget\" data-widget_type=\"heading.default\">\n\t\t\t\t<div class=\"elementor-widget-container\">\n\t\t\t\t\t<h1 class=\"elementor-heading-title elementor-size-default\">tarjeta credito \/ debito<\/h1>\t\t\t\t<\/div>\n\t\t\t\t<\/div>\n\t\t\t\t<\/div>\n\t\t<div class=\"elementor-element elementor-element-e834b24 e-flex e-con-boxed e-con e-parent\" data-id=\"e834b24\" data-element_type=\"container\" data-e-type=\"container\">\n\t\t\t\t\t<div class=\"e-con-inner\">\n\t\t\t\t<div class=\"elementor-element elementor-element-0cfd936 elementor-widget elementor-widget-text-editor\" data-id=\"0cfd936\" data-element_type=\"widget\" data-e-type=\"widget\" data-widget_type=\"text-editor.default\">\n\t\t\t\t<div class=\"elementor-widget-container\">\n\t\t\t\t\t\t\t\t\tTus contribuciones son totalmente seguras y no se revelar\u00e1 tu informaci\u00f3n financiera. Puedes programar que tu granito de arena sea transferido autom\u00e1ticamente a nuestra cuenta mes con mes. No tenemos tarifas fijas obligatorias, puedes hacer tu donativo por la cantidad que desees.\n\n&nbsp;\n\n<form action=\"https:\/\/www.paypal.com\/donate\" method=\"post\" target=\"_top\">\n<input type=\"hidden\" name=\"hosted_button_id\" value=\"GTR3SQCZYXKJC\" \/>\n<input type=\"image\" src=\"https:\/\/www.paypalobjects.com\/es_XC\/i\/btn\/btn_donateCC_LG.gif\" border=\"0\" name=\"submit\" title=\"PayPal - The safer, easier way to pay online!\" alt=\"Donar con el bot\u00f3n PayPal\" \/>\n<img loading=\"lazy\" decoding=\"async\" data-recalc-dims=\"1\" loading=\"lazy\" alt=\"\" border=\"0\" src=\"https:\/\/i0.wp.com\/www.paypal.com\/es_US\/i\/scr\/pixel.gif?resize=1%2C1&#038;ssl=1\" width=\"1\" height=\"1\" \/>\n<\/form>\t\t\t\t\t\t\t\t<\/div>\n\t\t\t\t<\/div>\n\t\t\t\t\t<\/div>\n\t\t\t\t<\/div>\n\t\t\t\t<\/div>\n\t\t","protected":false},"excerpt":{"rendered":"<p>tarjeta credito \/ debito Tus contribuciones son totalmente seguras y no se revelar\u00e1 tu informaci\u00f3n financiera. Puedes programar que tu granito de arena sea transferido autom\u00e1ticamente a nuestra cuenta mes con mes. No tenemos tarifas fijas obligatorias, puedes hacer tu donativo por la cantidad que desees. &nbsp;<\/p>\n","protected":false},"author":1,"featured_media":0,"parent":0,"menu_order":0,"comment_status":"closed","ping_status":"closed","template":"elementor_canvas","meta":{"give_campaign_id":0,"nf_dc_page":"","om_disable_all_campaigns":false,"pagelayer_contact_templates":[],"_pagelayer_content":"","_monsterinsights_skip_tracking":false,"_monsterinsights_sitenote_active":false,"_monsterinsights_sitenote_note":"","_monsterinsights_sitenote_category":0,"footnotes":""},"class_list":["post-145","page","type-page","status-publish","hentry"],"yoast_head":"<!-- This site is optimized with the Yoast SEO plugin v27.4 - https:\/\/yoast.com\/product\/yoast-seo-wordpress\/ -->\n<title>tarjetas - Monte Maria Granitos de Arena<\/title>\n<meta name=\"robots\" content=\"index, follow, max-snippet:-1, max-image-preview:large, max-video-preview:-1\" \/>\n<link rel=\"canonical\" href=\"https:\/\/montemaria.org\/granitodearena\/tarjetas\/\" \/>\n<meta property=\"og:locale\" content=\"es_MX\" \/>\n<meta property=\"og:type\" content=\"article\" \/>\n<meta property=\"og:title\" content=\"tarjetas - Monte Maria Granitos de Arena\" \/>\n<meta property=\"og:description\" content=\"tarjeta credito \/ debito Tus contribuciones son totalmente seguras y no se revelar\u00e1 tu informaci\u00f3n financiera. Puedes programar que tu granito de arena sea transferido autom\u00e1ticamente a nuestra cuenta mes con mes. No tenemos tarifas fijas obligatorias, puedes hacer tu donativo por la cantidad que desees. &nbsp;\" \/>\n<meta property=\"og:url\" content=\"https:\/\/montemaria.org\/granitodearena\/tarjetas\/\" \/>\n<meta property=\"og:site_name\" content=\"Monte Maria Granitos de Arena\" \/>\n<meta property=\"article:modified_time\" content=\"2025-06-05T22:17:04+00:00\" \/>\n<meta property=\"og:image\" content=\"https:\/\/www.paypal.com\/es_US\/i\/scr\/pixel.gif\" \/>\n<meta name=\"twitter:card\" content=\"summary_large_image\" \/>\n<meta name=\"twitter:label1\" content=\"Tiempo de lectura\" \/>\n\t<meta name=\"twitter:data1\" content=\"1 minuto\" \/>\n<script type=\"application\/ld+json\" class=\"yoast-schema-graph\">{\"@context\":\"https:\\\/\\\/schema.org\",\"@graph\":[{\"@type\":\"WebPage\",\"@id\":\"https:\\\/\\\/montemaria.org\\\/granitodearena\\\/tarjetas\\\/\",\"url\":\"https:\\\/\\\/montemaria.org\\\/granitodearena\\\/tarjetas\\\/\",\"name\":\"tarjetas - Monte Maria Granitos de Arena\",\"isPartOf\":{\"@id\":\"https:\\\/\\\/montemaria.org\\\/granitodearena\\\/#website\"},\"primaryImageOfPage\":{\"@id\":\"https:\\\/\\\/montemaria.org\\\/granitodearena\\\/tarjetas\\\/#primaryimage\"},\"image\":{\"@id\":\"https:\\\/\\\/montemaria.org\\\/granitodearena\\\/tarjetas\\\/#primaryimage\"},\"thumbnailUrl\":\"https:\\\/\\\/www.paypal.com\\\/es_US\\\/i\\\/scr\\\/pixel.gif\",\"datePublished\":\"2025-06-05T20:01:06+00:00\",\"dateModified\":\"2025-06-05T22:17:04+00:00\",\"breadcrumb\":{\"@id\":\"https:\\\/\\\/montemaria.org\\\/granitodearena\\\/tarjetas\\\/#breadcrumb\"},\"inLanguage\":\"es\",\"potentialAction\":[{\"@type\":\"ReadAction\",\"target\":[\"https:\\\/\\\/montemaria.org\\\/granitodearena\\\/tarjetas\\\/\"]}]},{\"@type\":\"ImageObject\",\"inLanguage\":\"es\",\"@id\":\"https:\\\/\\\/montemaria.org\\\/granitodearena\\\/tarjetas\\\/#primaryimage\",\"url\":\"https:\\\/\\\/www.paypal.com\\\/es_US\\\/i\\\/scr\\\/pixel.gif\",\"contentUrl\":\"https:\\\/\\\/www.paypal.com\\\/es_US\\\/i\\\/scr\\\/pixel.gif\"},{\"@type\":\"BreadcrumbList\",\"@id\":\"https:\\\/\\\/montemaria.org\\\/granitodearena\\\/tarjetas\\\/#breadcrumb\",\"itemListElement\":[{\"@type\":\"ListItem\",\"position\":1,\"name\":\"Home\",\"item\":\"https:\\\/\\\/montemaria.org\\\/granitodearena\\\/\"},{\"@type\":\"ListItem\",\"position\":2,\"name\":\"tarjetas\"}]},{\"@type\":\"WebSite\",\"@id\":\"https:\\\/\\\/montemaria.org\\\/granitodearena\\\/#website\",\"url\":\"https:\\\/\\\/montemaria.org\\\/granitodearena\\\/\",\"name\":\"Monte Maria Granitos de Arena\",\"description\":\"Dios es AMor\",\"publisher\":{\"@id\":\"https:\\\/\\\/montemaria.org\\\/granitodearena\\\/#organization\"},\"potentialAction\":[{\"@type\":\"SearchAction\",\"target\":{\"@type\":\"EntryPoint\",\"urlTemplate\":\"https:\\\/\\\/montemaria.org\\\/granitodearena\\\/?s={search_term_string}\"},\"query-input\":{\"@type\":\"PropertyValueSpecification\",\"valueRequired\":true,\"valueName\":\"search_term_string\"}}],\"inLanguage\":\"es\"},{\"@type\":\"Organization\",\"@id\":\"https:\\\/\\\/montemaria.org\\\/granitodearena\\\/#organization\",\"name\":\"Monte Maria Granitos de Arena\",\"url\":\"https:\\\/\\\/montemaria.org\\\/granitodearena\\\/\",\"logo\":{\"@type\":\"ImageObject\",\"inLanguage\":\"es\",\"@id\":\"https:\\\/\\\/montemaria.org\\\/granitodearena\\\/#\\\/schema\\\/logo\\\/image\\\/\",\"url\":\"https:\\\/\\\/i0.wp.com\\\/montemaria.org\\\/granitodearena\\\/wp-content\\\/uploads\\\/2025\\\/06\\\/logo-granitos2.png?fit=512%2C512&ssl=1\",\"contentUrl\":\"https:\\\/\\\/i0.wp.com\\\/montemaria.org\\\/granitodearena\\\/wp-content\\\/uploads\\\/2025\\\/06\\\/logo-granitos2.png?fit=512%2C512&ssl=1\",\"width\":512,\"height\":512,\"caption\":\"Monte Maria Granitos de Arena\"},\"image\":{\"@id\":\"https:\\\/\\\/montemaria.org\\\/granitodearena\\\/#\\\/schema\\\/logo\\\/image\\\/\"}}]}<\/script>\n<!-- \/ Yoast SEO plugin. -->","yoast_head_json":{"title":"tarjetas - Monte Maria Granitos de Arena","robots":{"index":"index","follow":"follow","max-snippet":"max-snippet:-1","max-image-preview":"max-image-preview:large","max-video-preview":"max-video-preview:-1"},"canonical":"https:\/\/montemaria.org\/granitodearena\/tarjetas\/","og_locale":"es_MX","og_type":"article","og_title":"tarjetas - Monte Maria Granitos de Arena","og_description":"tarjeta credito \/ debito Tus contribuciones son totalmente seguras y no se revelar\u00e1 tu informaci\u00f3n financiera. Puedes programar que tu granito de arena sea transferido autom\u00e1ticamente a nuestra cuenta mes con mes. No tenemos tarifas fijas obligatorias, puedes hacer tu donativo por la cantidad que desees. &nbsp;","og_url":"https:\/\/montemaria.org\/granitodearena\/tarjetas\/","og_site_name":"Monte Maria Granitos de Arena","article_modified_time":"2025-06-05T22:17:04+00:00","og_image":[{"url":"https:\/\/www.paypal.com\/es_US\/i\/scr\/pixel.gif","type":"","width":"","height":""}],"twitter_card":"summary_large_image","twitter_misc":{"Tiempo de lectura":"1 minuto"},"schema":{"@context":"https:\/\/schema.org","@graph":[{"@type":"WebPage","@id":"https:\/\/montemaria.org\/granitodearena\/tarjetas\/","url":"https:\/\/montemaria.org\/granitodearena\/tarjetas\/","name":"tarjetas - Monte Maria Granitos de Arena","isPartOf":{"@id":"https:\/\/montemaria.org\/granitodearena\/#website"},"primaryImageOfPage":{"@id":"https:\/\/montemaria.org\/granitodearena\/tarjetas\/#primaryimage"},"image":{"@id":"https:\/\/montemaria.org\/granitodearena\/tarjetas\/#primaryimage"},"thumbnailUrl":"https:\/\/www.paypal.com\/es_US\/i\/scr\/pixel.gif","datePublished":"2025-06-05T20:01:06+00:00","dateModified":"2025-06-05T22:17:04+00:00","breadcrumb":{"@id":"https:\/\/montemaria.org\/granitodearena\/tarjetas\/#breadcrumb"},"inLanguage":"es","potentialAction":[{"@type":"ReadAction","target":["https:\/\/montemaria.org\/granitodearena\/tarjetas\/"]}]},{"@type":"ImageObject","inLanguage":"es","@id":"https:\/\/montemaria.org\/granitodearena\/tarjetas\/#primaryimage","url":"https:\/\/www.paypal.com\/es_US\/i\/scr\/pixel.gif","contentUrl":"https:\/\/www.paypal.com\/es_US\/i\/scr\/pixel.gif"},{"@type":"BreadcrumbList","@id":"https:\/\/montemaria.org\/granitodearena\/tarjetas\/#breadcrumb","itemListElement":[{"@type":"ListItem","position":1,"name":"Home","item":"https:\/\/montemaria.org\/granitodearena\/"},{"@type":"ListItem","position":2,"name":"tarjetas"}]},{"@type":"WebSite","@id":"https:\/\/montemaria.org\/granitodearena\/#website","url":"https:\/\/montemaria.org\/granitodearena\/","name":"Monte Maria Granitos de Arena","description":"Dios es AMor","publisher":{"@id":"https:\/\/montemaria.org\/granitodearena\/#organization"},"potentialAction":[{"@type":"SearchAction","target":{"@type":"EntryPoint","urlTemplate":"https:\/\/montemaria.org\/granitodearena\/?s={search_term_string}"},"query-input":{"@type":"PropertyValueSpecification","valueRequired":true,"valueName":"search_term_string"}}],"inLanguage":"es"},{"@type":"Organization","@id":"https:\/\/montemaria.org\/granitodearena\/#organization","name":"Monte Maria Granitos de Arena","url":"https:\/\/montemaria.org\/granitodearena\/","logo":{"@type":"ImageObject","inLanguage":"es","@id":"https:\/\/montemaria.org\/granitodearena\/#\/schema\/logo\/image\/","url":"https:\/\/i0.wp.com\/montemaria.org\/granitodearena\/wp-content\/uploads\/2025\/06\/logo-granitos2.png?fit=512%2C512&ssl=1","contentUrl":"https:\/\/i0.wp.com\/montemaria.org\/granitodearena\/wp-content\/uploads\/2025\/06\/logo-granitos2.png?fit=512%2C512&ssl=1","width":512,"height":512,"caption":"Monte Maria Granitos de Arena"},"image":{"@id":"https:\/\/montemaria.org\/granitodearena\/#\/schema\/logo\/image\/"}}]}},"campaignId":"","jetpack_sharing_enabled":true,"_links":{"self":[{"href":"https:\/\/montemaria.org\/granitodearena\/wp-json\/wp\/v2\/pages\/145","targetHints":{"allow":["GET"]}}],"collection":[{"href":"https:\/\/montemaria.org\/granitodearena\/wp-json\/wp\/v2\/pages"}],"about":[{"href":"https:\/\/montemaria.org\/granitodearena\/wp-json\/wp\/v2\/types\/page"}],"author":[{"embeddable":true,"href":"https:\/\/montemaria.org\/granitodearena\/wp-json\/wp\/v2\/users\/1"}],"replies":[{"embeddable":true,"href":"https:\/\/montemaria.org\/granitodearena\/wp-json\/wp\/v2\/comments?post=145"}],"version-history":[{"count":9,"href":"https:\/\/montemaria.org\/granitodearena\/wp-json\/wp\/v2\/pages\/145\/revisions"}],"predecessor-version":[{"id":157,"href":"https:\/\/montemaria.org\/granitodearena\/wp-json\/wp\/v2\/pages\/145\/revisions\/157"}],"wp:attachment":[{"href":"https:\/\/montemaria.org\/granitodearena\/wp-json\/wp\/v2\/media?parent=145"}],"curies":[{"name":"wp","href":"https:\/\/api.w.org\/{rel}","templated":true}]}}